{"id":18,"date":"2024-03-05T23:36:54","date_gmt":"2024-03-05T22:36:54","guid":{"rendered":"https:\/\/www.sara-keramikstudio.at\/?page_id=18"},"modified":"2026-02-10T14:01:29","modified_gmt":"2026-02-10T13:01:29","slug":"impressum","status":"publish","type":"page","link":"https:\/\/www.sara-keramikstudio.at\/?page_id=18","title":{"rendered":"Impressum"},"content":{"rendered":"\t\t<div data-elementor-type=\"wp-page\" data-elementor-id=\"18\" class=\"elementor elementor-18\">\n\t\t\t\t<div class=\"elementor-element elementor-element-2a8d01c e-flex e-con-boxed wpr-particle-no wpr-jarallax-no wpr-parallax-no wpr-sticky-section-no wpr-equal-height-no e-con e-parent\" data-id=\"2a8d01c\" data-element_type=\"container\" data-e-type=\"container\">\n\t\t\t\t\t<div class=\"e-con-inner\">\n\t\t\t\t<div class=\"elementor-element elementor-element-199bc55 elementor-widget elementor-widget-text-editor\" data-id=\"199bc55\" data-element_type=\"widget\" data-e-type=\"widget\" data-widget_type=\"text-editor.default\">\n\t\t\t\t<div class=\"elementor-widget-container\">\n\t\t\t\t\t\t\t\t\t<p>Informationen \u00fcber den Diensteanbieter.<\/p>\n<p><strong>Name der Gesellschaft:<\/strong>&nbsp;Sarakeramikstudio GesbR<br><strong>Name der Gewerbeinhaber:<\/strong>&nbsp;Petra Fischerlehner-Freiler, Sandra F\u00fcrst-Scharinger<\/p>\n<p>Grenzgasse 111, Obj. 7, 13<br>2344 Maria Enzersdorf,<br>\u00d6sterreich<\/p>\n<p>UID-Nr. ATU56942713<\/p>\n<p><strong>Tel.:<\/strong>&nbsp; +43 660 6419625<br><b>Tel.:&nbsp;<\/b> +43 650 4455200&nbsp;<\/p>\n<p><strong>E-Mail:<\/strong>&nbsp;<u><a href=\"mailto:hello@sara-keramikstudio.at\">hello@sara-keramikstudio.at<\/a> <\/u><\/p>\n<p><strong>Firmensitz:<\/strong>&nbsp;2344 Maria Enzersdorf <br><strong>Unternehmensgegenstand:<\/strong>&nbsp;Handwerk &nbsp;<\/p>\n<p><strong>Berufsbezeichnung:<\/strong>&nbsp;Keramikstudio<br><strong>Verleihungsstaat:<\/strong>&nbsp;\u00d6sterreich<\/p>\n<p><strong>EU-Streitschlichtung<\/strong><\/p>\n<p>Gem\u00e4\u00df Verordnung \u00fcber Online-Streitbeilegung in Verbraucherangelegenheiten (ODR-Verordnung) m\u00f6chten wir Sie \u00fcber die Online-Streitbeilegungsplattform (OS-Plattform) informieren.<br>Verbraucher haben die M\u00f6glichkeit, Beschwerden an die Online Streitbeilegungsplattform der Europ\u00e4ischen Kommission unter&nbsp;<u><a href=\"https:\/\/ec.europa.eu\/consumers\/odr\/main\/index.cfm?event=main.home2.show&amp;lng=DE\">https:\/\/ec.europa.eu\/consumers\/odr\/main\/index.cfm?event=main.home2.show&amp;lng=DE<\/a><\/u>&nbsp;zu richten. Die daf\u00fcr notwendigen Kontaktdaten finden Sie oberhalb in unserem Impressum.<\/p>\n<p>Wir m\u00f6chten Sie jedoch darauf hinweisen, dass wir nicht bereit oder verpflichtet sind, an Streitbeilegungsverfahren vor einer Verbraucherschlichtungsstelle teilzunehmen.<\/p>\n<p><strong>Haftung f\u00fcr Inhalte dieser Website<\/strong><\/p>\n<p>Wir entwickeln die Inhalte dieser Website st\u00e4ndig weiter und bem\u00fchen uns korrekte und aktuelle Informationen bereitzustellen. Leider k\u00f6nnen wir keine Haftung f\u00fcr die Korrektheit aller Inhalte auf dieser Website \u00fcbernehmen, speziell f\u00fcr jene, die seitens Dritter bereitgestellt wurden. Als Diensteanbieter sind wir nicht verpflichtet, die von Ihnen \u00fcbermittelten oder gespeicherten Informationen zu \u00fcberwachen oder nach Umst\u00e4nden zu forschen, die auf eine rechtswidrige T\u00e4tigkeit hinweisen.<\/p>\n<p>Unsere Verpflichtungen zur Entfernung von Informationen oder zur Sperrung der Nutzung von Informationen nach den allgemeinen Gesetzen aufgrund von gerichtlichen oder beh\u00f6rdlichen Anordnungen bleiben auch im Falle unserer Nichtverantwortlichkeit davon unber\u00fchrt.<\/p>\n<p>Sollten Ihnen problematische oder rechtswidrige Inhalte auffallen, bitte wir Sie uns umgehend zu kontaktieren, damit wir die rechtswidrigen Inhalte entfernen k\u00f6nnen. Sie finden die Kontaktdaten im Impressum.<\/p>\n<p><strong>Haftung f\u00fcr Links auf dieser Website<\/strong><\/p>\n<p>Unsere Website enth\u00e4lt Links zu anderen Websites f\u00fcr deren Inhalt wir nicht verantwortlich sind. Haftung f\u00fcr verlinkte Websites besteht f\u00fcr uns nicht, da wir keine Kenntnis rechtswidriger T\u00e4tigkeiten hatten und haben, uns solche Rechtswidrigkeiten auch bisher nicht aufgefallen sind und wir Links sofort entfernen w\u00fcrden, wenn uns Rechtswidrigkeiten bekannt werden.<\/p>\n<p>Wenn Ihnen rechtswidrige Links auf unserer Website auffallen, bitte wir Sie uns zu kontaktieren. Sie finden die Kontaktdaten im Impressum.<\/p>\n<p><strong>Urheberrechtshinweis<\/strong><\/p>\n<p>Alle Inhalte dieser Webseite (Bilder, Fotos, Texte, Videos) unterliegen dem Urheberrecht. Bitte fragen Sie uns bevor Sie die Inhalte dieser Website verbreiten, vervielf\u00e4ltigen oder verwerten wie zum Beispiel auf anderen Websites erneut ver\u00f6ffentlichen. Falls notwendig, werden wir die unerlaubte Nutzung von Teilen der Inhalte unserer Seite rechtlich verfolgen.<\/p>\n<p>Sollten Sie auf dieser Webseite Inhalte finden, die das Urheberrecht verletzen, bitten wir Sie uns zu kontaktieren.<\/p>\n<p><strong>Bildernachweis<\/strong><\/p>\n<p>Die Bilder, Fotos und Grafiken auf dieser Webseite sind urheberrechtlich gesch\u00fctzt.<\/p>\n<p><strong>Weitere Onlineauftritte<\/strong><\/p>\n<p><strong>Dieses Impressum gilt auch f\u00fcr<\/strong><\/p>\n<p><a href=\"https:\/\/www.instagram.com\/sara.keramikstudio\/\">https:\/\/www.instagram.com\/sara.keramikstudio\/<\/a><\/p>\t\t\t\t\t\t\t\t<\/div>\n\t\t\t\t<\/div>\n\t\t\t\t\t<\/div>\n\t\t\t\t<\/div>\n\t\t\t\t<\/div>\n\t\t","protected":false},"excerpt":{"rendered":"<p>Informationen \u00fcber den Diensteanbieter. Name der Gesellschaft:&nbsp;Sarakeramikstudio GesbRName der Gewerbeinhaber:&nbsp;Petra Fischerlehner-Freiler, Sandra F\u00fcrst-Scharinger Grenzgasse 111, Obj. 7, 132344 Maria Enzersdorf,\u00d6sterreich UID-Nr. ATU56942713 Tel.:&nbsp; +43 660 6419625Tel.:&nbsp; +43 650 4455200&nbsp; E-Mail:&nbsp;hello@sara-keramikstudio.at Firmensitz:&nbsp;2344 Maria Enzersdorf Unternehmensgegenstand:&nbsp;Handwerk &nbsp; Berufsbezeichnung:&nbsp;KeramikstudioVerleihungsstaat:&nbsp;\u00d6sterreich EU-Streitschlichtung Gem\u00e4\u00df Verordnung \u00fcber Online-Streitbeilegung in Verbraucherangelegenheiten (ODR-Verordnung) m\u00f6chten wir Sie \u00fcber die Online-Streitbeilegungsplattform (OS-Plattform) informieren.Verbraucher haben die M\u00f6glichkeit, Beschwerden an die Online Streitbeilegungsplattform der Europ\u00e4ischen Kommission unter&nbsp;https:\/\/ec.europa.eu\/consumers\/odr\/main\/index.cfm?event=main.home2.show&amp;lng=DE&nbsp;zu richten. Die daf\u00fcr notwendigen Kontaktdaten finden Sie oberhalb in unserem Impressum. Wir m\u00f6chten Sie jedoch darauf hinweisen, dass wir nicht bereit oder verpflichtet sind, an Streitbeilegungsverfahren vor einer Verbraucherschlichtungsstelle teilzunehmen. Haftung f\u00fcr Inhalte dieser Website Wir entwickeln die Inhalte dieser Website st\u00e4ndig weiter und bem\u00fchen uns korrekte und aktuelle Informationen bereitzustellen. Leider k\u00f6nnen wir keine Haftung f\u00fcr die Korrektheit aller Inhalte auf dieser Website \u00fcbernehmen, speziell f\u00fcr jene, die seitens Dritter bereitgestellt wurden. Als Diensteanbieter sind wir nicht verpflichtet, die von Ihnen \u00fcbermittelten oder gespeicherten Informationen zu \u00fcberwachen oder nach Umst\u00e4nden zu forschen, die auf eine rechtswidrige T\u00e4tigkeit hinweisen. Unsere Verpflichtungen zur Entfernung von Informationen oder zur Sperrung der Nutzung von Informationen nach den allgemeinen Gesetzen aufgrund von gerichtlichen oder beh\u00f6rdlichen Anordnungen bleiben auch im Falle unserer Nichtverantwortlichkeit davon unber\u00fchrt. Sollten Ihnen problematische oder rechtswidrige Inhalte auffallen, bitte wir Sie uns umgehend zu kontaktieren, damit wir die rechtswidrigen Inhalte entfernen k\u00f6nnen. Sie finden die Kontaktdaten im Impressum. Haftung f\u00fcr Links auf dieser Website Unsere Website enth\u00e4lt Links zu anderen Websites f\u00fcr deren Inhalt wir nicht verantwortlich sind. Haftung f\u00fcr verlinkte Websites besteht f\u00fcr uns nicht, da wir keine Kenntnis rechtswidriger T\u00e4tigkeiten hatten und haben, uns solche Rechtswidrigkeiten auch bisher nicht aufgefallen sind und wir Links sofort entfernen w\u00fcrden, wenn uns Rechtswidrigkeiten bekannt werden. Wenn Ihnen rechtswidrige Links auf unserer Website auffallen, bitte wir Sie uns zu kontaktieren. Sie finden die Kontaktdaten im Impressum. Urheberrechtshinweis Alle Inhalte dieser Webseite (Bilder, Fotos, Texte, Videos) unterliegen dem Urheberrecht. Bitte fragen Sie uns bevor Sie die Inhalte dieser Website verbreiten, vervielf\u00e4ltigen oder verwerten wie zum Beispiel auf anderen Websites erneut ver\u00f6ffentlichen. Falls notwendig, werden wir die unerlaubte Nutzung von Teilen der Inhalte unserer Seite rechtlich verfolgen. Sollten Sie auf dieser Webseite Inhalte finden, die das Urheberrecht verletzen, bitten wir Sie uns zu kontaktieren. Bildernachweis Die Bilder, Fotos und Grafiken auf dieser Webseite sind urheberrechtlich gesch\u00fctzt. Weitere Onlineauftritte Dieses Impressum gilt auch f\u00fcr https:\/\/www.instagram.com\/sara.keramikstudio\/<\/p>\n","protected":false},"author":2,"featured_media":0,"parent":0,"menu_order":0,"comment_status":"closed","ping_status":"closed","template":"","meta":{"footnotes":""},"class_list":["post-18","page","type-page","status-publish","hentry"],"yoast_head":"<!-- This site is optimized with the Yoast SEO plugin v27.4 - https:\/\/yoast.com\/product\/yoast-seo-wordpress\/ -->\n<title>Impressum - SARA Keramikstudio<\/title>\n<meta name=\"robots\" content=\"index, follow, max-snippet:-1, max-image-preview:large, max-video-preview:-1\" \/>\n<link rel=\"canonical\" href=\"https:\/\/www.sara-keramikstudio.at\/?page_id=18\" \/>\n<meta property=\"og:locale\" content=\"de_DE\" \/>\n<meta property=\"og:type\" content=\"article\" \/>\n<meta property=\"og:title\" content=\"Impressum - SARA Keramikstudio\" \/>\n<meta property=\"og:description\" content=\"Informationen \u00fcber den Diensteanbieter. Name der Gesellschaft:&nbsp;Sarakeramikstudio GesbRName der Gewerbeinhaber:&nbsp;Petra Fischerlehner-Freiler, Sandra F\u00fcrst-Scharinger Grenzgasse 111, Obj. 7, 132344 Maria Enzersdorf,\u00d6sterreich UID-Nr. ATU56942713 Tel.:&nbsp; +43 660 6419625Tel.:&nbsp; +43 650 4455200&nbsp; E-Mail:&nbsp;hello@sara-keramikstudio.at Firmensitz:&nbsp;2344 Maria Enzersdorf Unternehmensgegenstand:&nbsp;Handwerk &nbsp; Berufsbezeichnung:&nbsp;KeramikstudioVerleihungsstaat:&nbsp;\u00d6sterreich EU-Streitschlichtung Gem\u00e4\u00df Verordnung \u00fcber Online-Streitbeilegung in Verbraucherangelegenheiten (ODR-Verordnung) m\u00f6chten wir Sie \u00fcber die Online-Streitbeilegungsplattform (OS-Plattform) informieren.Verbraucher haben die M\u00f6glichkeit, Beschwerden an die Online Streitbeilegungsplattform der Europ\u00e4ischen Kommission unter&nbsp;https:\/\/ec.europa.eu\/consumers\/odr\/main\/index.cfm?event=main.home2.show&amp;lng=DE&nbsp;zu richten. Die daf\u00fcr notwendigen Kontaktdaten finden Sie oberhalb in unserem Impressum. Wir m\u00f6chten Sie jedoch darauf hinweisen, dass wir nicht bereit oder verpflichtet sind, an Streitbeilegungsverfahren vor einer Verbraucherschlichtungsstelle teilzunehmen. Haftung f\u00fcr Inhalte dieser Website Wir entwickeln die Inhalte dieser Website st\u00e4ndig weiter und bem\u00fchen uns korrekte und aktuelle Informationen bereitzustellen. Leider k\u00f6nnen wir keine Haftung f\u00fcr die Korrektheit aller Inhalte auf dieser Website \u00fcbernehmen, speziell f\u00fcr jene, die seitens Dritter bereitgestellt wurden. Als Diensteanbieter sind wir nicht verpflichtet, die von Ihnen \u00fcbermittelten oder gespeicherten Informationen zu \u00fcberwachen oder nach Umst\u00e4nden zu forschen, die auf eine rechtswidrige T\u00e4tigkeit hinweisen. Unsere Verpflichtungen zur Entfernung von Informationen oder zur Sperrung der Nutzung von Informationen nach den allgemeinen Gesetzen aufgrund von gerichtlichen oder beh\u00f6rdlichen Anordnungen bleiben auch im Falle unserer Nichtverantwortlichkeit davon unber\u00fchrt. Sollten Ihnen problematische oder rechtswidrige Inhalte auffallen, bitte wir Sie uns umgehend zu kontaktieren, damit wir die rechtswidrigen Inhalte entfernen k\u00f6nnen. Sie finden die Kontaktdaten im Impressum. Haftung f\u00fcr Links auf dieser Website Unsere Website enth\u00e4lt Links zu anderen Websites f\u00fcr deren Inhalt wir nicht verantwortlich sind. Haftung f\u00fcr verlinkte Websites besteht f\u00fcr uns nicht, da wir keine Kenntnis rechtswidriger T\u00e4tigkeiten hatten und haben, uns solche Rechtswidrigkeiten auch bisher nicht aufgefallen sind und wir Links sofort entfernen w\u00fcrden, wenn uns Rechtswidrigkeiten bekannt werden. Wenn Ihnen rechtswidrige Links auf unserer Website auffallen, bitte wir Sie uns zu kontaktieren. Sie finden die Kontaktdaten im Impressum. Urheberrechtshinweis Alle Inhalte dieser Webseite (Bilder, Fotos, Texte, Videos) unterliegen dem Urheberrecht. Bitte fragen Sie uns bevor Sie die Inhalte dieser Website verbreiten, vervielf\u00e4ltigen oder verwerten wie zum Beispiel auf anderen Websites erneut ver\u00f6ffentlichen. Falls notwendig, werden wir die unerlaubte Nutzung von Teilen der Inhalte unserer Seite rechtlich verfolgen. Sollten Sie auf dieser Webseite Inhalte finden, die das Urheberrecht verletzen, bitten wir Sie uns zu kontaktieren. Bildernachweis Die Bilder, Fotos und Grafiken auf dieser Webseite sind urheberrechtlich gesch\u00fctzt. Weitere Onlineauftritte Dieses Impressum gilt auch f\u00fcr https:\/\/www.instagram.com\/sara.keramikstudio\/\" \/>\n<meta property=\"og:url\" content=\"https:\/\/www.sara-keramikstudio.at\/?page_id=18\" \/>\n<meta property=\"og:site_name\" content=\"SARA Keramikstudio\" \/>\n<meta property=\"article:modified_time\" content=\"2026-02-10T13:01:29+00:00\" \/>\n<meta name=\"twitter:card\" content=\"summary_large_image\" \/>\n<meta name=\"twitter:label1\" content=\"Gesch\u00e4tzte Lesezeit\" \/>\n\t<meta name=\"twitter:data1\" content=\"3\u00a0Minuten\" \/>\n<script type=\"application\/ld+json\" class=\"yoast-schema-graph\">{\"@context\":\"https:\\\/\\\/schema.org\",\"@graph\":[{\"@type\":\"WebPage\",\"@id\":\"https:\\\/\\\/www.sara-keramikstudio.at\\\/?page_id=18\",\"url\":\"https:\\\/\\\/www.sara-keramikstudio.at\\\/?page_id=18\",\"name\":\"Impressum - SARA Keramikstudio\",\"isPartOf\":{\"@id\":\"https:\\\/\\\/www.sara-keramikstudio.at\\\/#website\"},\"datePublished\":\"2024-03-05T22:36:54+00:00\",\"dateModified\":\"2026-02-10T13:01:29+00:00\",\"breadcrumb\":{\"@id\":\"https:\\\/\\\/www.sara-keramikstudio.at\\\/?page_id=18#breadcrumb\"},\"inLanguage\":\"de\",\"potentialAction\":[{\"@type\":\"ReadAction\",\"target\":[\"https:\\\/\\\/www.sara-keramikstudio.at\\\/?page_id=18\"]}]},{\"@type\":\"BreadcrumbList\",\"@id\":\"https:\\\/\\\/www.sara-keramikstudio.at\\\/?page_id=18#breadcrumb\",\"itemListElement\":[{\"@type\":\"ListItem\",\"position\":1,\"name\":\"Startseite\",\"item\":\"https:\\\/\\\/www.sara-keramikstudio.at\\\/\"},{\"@type\":\"ListItem\",\"position\":2,\"name\":\"Impressum\"}]},{\"@type\":\"WebSite\",\"@id\":\"https:\\\/\\\/www.sara-keramikstudio.at\\\/#website\",\"url\":\"https:\\\/\\\/www.sara-keramikstudio.at\\\/\",\"name\":\"SARA Keramikstudio\",\"description\":\"\",\"publisher\":{\"@id\":\"https:\\\/\\\/www.sara-keramikstudio.at\\\/#organization\"},\"potentialAction\":[{\"@type\":\"SearchAction\",\"target\":{\"@type\":\"EntryPoint\",\"urlTemplate\":\"https:\\\/\\\/www.sara-keramikstudio.at\\\/?s={search_term_string}\"},\"query-input\":{\"@type\":\"PropertyValueSpecification\",\"valueRequired\":true,\"valueName\":\"search_term_string\"}}],\"inLanguage\":\"de\"},{\"@type\":\"Organization\",\"@id\":\"https:\\\/\\\/www.sara-keramikstudio.at\\\/#organization\",\"name\":\"SARA Keramikstudio\",\"url\":\"https:\\\/\\\/www.sara-keramikstudio.at\\\/\",\"logo\":{\"@type\":\"ImageObject\",\"inLanguage\":\"de\",\"@id\":\"https:\\\/\\\/www.sara-keramikstudio.at\\\/#\\\/schema\\\/logo\\\/image\\\/\",\"url\":\"https:\\\/\\\/www.sara-keramikstudio.at\\\/wp-content\\\/uploads\\\/2024\\\/03\\\/cropped-SARA-Logo.png\",\"contentUrl\":\"https:\\\/\\\/www.sara-keramikstudio.at\\\/wp-content\\\/uploads\\\/2024\\\/03\\\/cropped-SARA-Logo.png\",\"width\":1179,\"height\":708,\"caption\":\"SARA Keramikstudio\"},\"image\":{\"@id\":\"https:\\\/\\\/www.sara-keramikstudio.at\\\/#\\\/schema\\\/logo\\\/image\\\/\"}}]}<\/script>\n<!-- \/ Yoast SEO plugin. -->","yoast_head_json":{"title":"Impressum - SARA Keramikstudio","robots":{"index":"index","follow":"follow","max-snippet":"max-snippet:-1","max-image-preview":"max-image-preview:large","max-video-preview":"max-video-preview:-1"},"canonical":"https:\/\/www.sara-keramikstudio.at\/?page_id=18","og_locale":"de_DE","og_type":"article","og_title":"Impressum - SARA Keramikstudio","og_description":"Informationen \u00fcber den Diensteanbieter. Name der Gesellschaft:&nbsp;Sarakeramikstudio GesbRName der Gewerbeinhaber:&nbsp;Petra Fischerlehner-Freiler, Sandra F\u00fcrst-Scharinger Grenzgasse 111, Obj. 7, 132344 Maria Enzersdorf,\u00d6sterreich UID-Nr. ATU56942713 Tel.:&nbsp; +43 660 6419625Tel.:&nbsp; +43 650 4455200&nbsp; E-Mail:&nbsp;hello@sara-keramikstudio.at Firmensitz:&nbsp;2344 Maria Enzersdorf Unternehmensgegenstand:&nbsp;Handwerk &nbsp; Berufsbezeichnung:&nbsp;KeramikstudioVerleihungsstaat:&nbsp;\u00d6sterreich EU-Streitschlichtung Gem\u00e4\u00df Verordnung \u00fcber Online-Streitbeilegung in Verbraucherangelegenheiten (ODR-Verordnung) m\u00f6chten wir Sie \u00fcber die Online-Streitbeilegungsplattform (OS-Plattform) informieren.Verbraucher haben die M\u00f6glichkeit, Beschwerden an die Online Streitbeilegungsplattform der Europ\u00e4ischen Kommission unter&nbsp;https:\/\/ec.europa.eu\/consumers\/odr\/main\/index.cfm?event=main.home2.show&amp;lng=DE&nbsp;zu richten. Die daf\u00fcr notwendigen Kontaktdaten finden Sie oberhalb in unserem Impressum. Wir m\u00f6chten Sie jedoch darauf hinweisen, dass wir nicht bereit oder verpflichtet sind, an Streitbeilegungsverfahren vor einer Verbraucherschlichtungsstelle teilzunehmen. Haftung f\u00fcr Inhalte dieser Website Wir entwickeln die Inhalte dieser Website st\u00e4ndig weiter und bem\u00fchen uns korrekte und aktuelle Informationen bereitzustellen. Leider k\u00f6nnen wir keine Haftung f\u00fcr die Korrektheit aller Inhalte auf dieser Website \u00fcbernehmen, speziell f\u00fcr jene, die seitens Dritter bereitgestellt wurden. Als Diensteanbieter sind wir nicht verpflichtet, die von Ihnen \u00fcbermittelten oder gespeicherten Informationen zu \u00fcberwachen oder nach Umst\u00e4nden zu forschen, die auf eine rechtswidrige T\u00e4tigkeit hinweisen. Unsere Verpflichtungen zur Entfernung von Informationen oder zur Sperrung der Nutzung von Informationen nach den allgemeinen Gesetzen aufgrund von gerichtlichen oder beh\u00f6rdlichen Anordnungen bleiben auch im Falle unserer Nichtverantwortlichkeit davon unber\u00fchrt. Sollten Ihnen problematische oder rechtswidrige Inhalte auffallen, bitte wir Sie uns umgehend zu kontaktieren, damit wir die rechtswidrigen Inhalte entfernen k\u00f6nnen. Sie finden die Kontaktdaten im Impressum. Haftung f\u00fcr Links auf dieser Website Unsere Website enth\u00e4lt Links zu anderen Websites f\u00fcr deren Inhalt wir nicht verantwortlich sind. Haftung f\u00fcr verlinkte Websites besteht f\u00fcr uns nicht, da wir keine Kenntnis rechtswidriger T\u00e4tigkeiten hatten und haben, uns solche Rechtswidrigkeiten auch bisher nicht aufgefallen sind und wir Links sofort entfernen w\u00fcrden, wenn uns Rechtswidrigkeiten bekannt werden. Wenn Ihnen rechtswidrige Links auf unserer Website auffallen, bitte wir Sie uns zu kontaktieren. Sie finden die Kontaktdaten im Impressum. Urheberrechtshinweis Alle Inhalte dieser Webseite (Bilder, Fotos, Texte, Videos) unterliegen dem Urheberrecht. Bitte fragen Sie uns bevor Sie die Inhalte dieser Website verbreiten, vervielf\u00e4ltigen oder verwerten wie zum Beispiel auf anderen Websites erneut ver\u00f6ffentlichen. Falls notwendig, werden wir die unerlaubte Nutzung von Teilen der Inhalte unserer Seite rechtlich verfolgen. Sollten Sie auf dieser Webseite Inhalte finden, die das Urheberrecht verletzen, bitten wir Sie uns zu kontaktieren. Bildernachweis Die Bilder, Fotos und Grafiken auf dieser Webseite sind urheberrechtlich gesch\u00fctzt. Weitere Onlineauftritte Dieses Impressum gilt auch f\u00fcr https:\/\/www.instagram.com\/sara.keramikstudio\/","og_url":"https:\/\/www.sara-keramikstudio.at\/?page_id=18","og_site_name":"SARA Keramikstudio","article_modified_time":"2026-02-10T13:01:29+00:00","twitter_card":"summary_large_image","twitter_misc":{"Gesch\u00e4tzte Lesezeit":"3\u00a0Minuten"},"schema":{"@context":"https:\/\/schema.org","@graph":[{"@type":"WebPage","@id":"https:\/\/www.sara-keramikstudio.at\/?page_id=18","url":"https:\/\/www.sara-keramikstudio.at\/?page_id=18","name":"Impressum - SARA Keramikstudio","isPartOf":{"@id":"https:\/\/www.sara-keramikstudio.at\/#website"},"datePublished":"2024-03-05T22:36:54+00:00","dateModified":"2026-02-10T13:01:29+00:00","breadcrumb":{"@id":"https:\/\/www.sara-keramikstudio.at\/?page_id=18#breadcrumb"},"inLanguage":"de","potentialAction":[{"@type":"ReadAction","target":["https:\/\/www.sara-keramikstudio.at\/?page_id=18"]}]},{"@type":"BreadcrumbList","@id":"https:\/\/www.sara-keramikstudio.at\/?page_id=18#breadcrumb","itemListElement":[{"@type":"ListItem","position":1,"name":"Startseite","item":"https:\/\/www.sara-keramikstudio.at\/"},{"@type":"ListItem","position":2,"name":"Impressum"}]},{"@type":"WebSite","@id":"https:\/\/www.sara-keramikstudio.at\/#website","url":"https:\/\/www.sara-keramikstudio.at\/","name":"SARA Keramikstudio","description":"","publisher":{"@id":"https:\/\/www.sara-keramikstudio.at\/#organization"},"potentialAction":[{"@type":"SearchAction","target":{"@type":"EntryPoint","urlTemplate":"https:\/\/www.sara-keramikstudio.at\/?s={search_term_string}"},"query-input":{"@type":"PropertyValueSpecification","valueRequired":true,"valueName":"search_term_string"}}],"inLanguage":"de"},{"@type":"Organization","@id":"https:\/\/www.sara-keramikstudio.at\/#organization","name":"SARA Keramikstudio","url":"https:\/\/www.sara-keramikstudio.at\/","logo":{"@type":"ImageObject","inLanguage":"de","@id":"https:\/\/www.sara-keramikstudio.at\/#\/schema\/logo\/image\/","url":"https:\/\/www.sara-keramikstudio.at\/wp-content\/uploads\/2024\/03\/cropped-SARA-Logo.png","contentUrl":"https:\/\/www.sara-keramikstudio.at\/wp-content\/uploads\/2024\/03\/cropped-SARA-Logo.png","width":1179,"height":708,"caption":"SARA Keramikstudio"},"image":{"@id":"https:\/\/www.sara-keramikstudio.at\/#\/schema\/logo\/image\/"}}]}},"_links":{"self":[{"href":"https:\/\/www.sara-keramikstudio.at\/index.php?rest_route=\/wp\/v2\/pages\/18","targetHints":{"allow":["GET"]}}],"collection":[{"href":"https:\/\/www.sara-keramikstudio.at\/index.php?rest_route=\/wp\/v2\/pages"}],"about":[{"href":"https:\/\/www.sara-keramikstudio.at\/index.php?rest_route=\/wp\/v2\/types\/page"}],"author":[{"embeddable":true,"href":"https:\/\/www.sara-keramikstudio.at\/index.php?rest_route=\/wp\/v2\/users\/2"}],"replies":[{"embeddable":true,"href":"https:\/\/www.sara-keramikstudio.at\/index.php?rest_route=%2Fwp%2Fv2%2Fcomments&post=18"}],"version-history":[{"count":13,"href":"https:\/\/www.sara-keramikstudio.at\/index.php?rest_route=\/wp\/v2\/pages\/18\/revisions"}],"predecessor-version":[{"id":1352,"href":"https:\/\/www.sara-keramikstudio.at\/index.php?rest_route=\/wp\/v2\/pages\/18\/revisions\/1352"}],"wp:attachment":[{"href":"https:\/\/www.sara-keramikstudio.at\/index.php?rest_route=%2Fwp%2Fv2%2Fmedia&parent=18"}],"curies":[{"name":"wp","href":"https:\/\/api.w.org\/{rel}","templated":true}]}}